{"id":2432,"date":"2018-11-22T08:41:34","date_gmt":"2018-11-22T07:41:34","guid":{"rendered":"http:\/\/offweb.home.pl\/?page_id=2432"},"modified":"2020-10-09T07:05:30","modified_gmt":"2020-10-09T05:05:30","slug":"gmina-lipie","status":"publish","type":"page","link":"http:\/\/riip.offweb.pl\/?page_id=2432","title":{"rendered":"INFORMACJE O PROJEKCIE RIIP"},"content":{"rendered":"<p>[et_pb_section fb_built=&#8221;1&#8243; admin_label=&#8221;Header&#8221; _builder_version=&#8221;4.6.5&#8243; use_background_color_gradient=&#8221;on&#8221; background_color_gradient_start=&#8221;#46b3ff&#8221; background_color_gradient_end=&#8221;#0752fe&#8221; background_color_gradient_direction=&#8221;237deg&#8221; background_enable_image=&#8221;off&#8221; parallax=&#8221;on&#8221; parallax_method=&#8221;off&#8221; custom_padding=&#8221;0px||1vw||false|false&#8221; animation_style=&#8221;slide&#8221; animation_direction=&#8221;top&#8221; animation_intensity_slide=&#8221;2%&#8221; animation_starting_opacity=&#8221;100%&#8221;][et_pb_row column_structure=&#8221;1_2,1_2&#8243; _builder_version=&#8221;3.25&#8243; custom_margin=&#8221;|auto|-21px|auto||&#8221;][et_pb_column type=&#8221;1_2&#8243; _builder_version=&#8221;3.25&#8243; custom_padding=&#8221;60px|||&#8221; custom_padding_tablet=&#8221;0px|||&#8221; custom_padding_phone=&#8221;&#8221; custom_padding_last_edited=&#8221;on|tablet&#8221; padding_tablet=&#8221;0px|||&#8221; padding_last_edited=&#8221;on|tablet&#8221; custom_padding__hover=&#8221;|||&#8221;][et_pb_text _builder_version=&#8221;4.6.5&#8243; text_font=&#8221;||||||||&#8221; text_font_size=&#8221;16px&#8221; text_line_height=&#8221;2em&#8221; header_font=&#8221;Rubik|500|||||||&#8221; header_font_size=&#8221;52px&#8221; header_line_height=&#8221;1.2em&#8221; background_layout=&#8221;dark&#8221; header_font_size_tablet=&#8221;42px&#8221; header_font_size_phone=&#8221;32px&#8221; header_font_size_last_edited=&#8221;on|desktop&#8221; text_text_shadow_style=&#8221;preset1&#8243; text_text_shadow_blur_strength=&#8221;2em&#8221;]<\/p>\n<h1>Informacje<br \/> o projekcie<\/h1>\n<p><span><\/span><\/p>\n<p><span>W wyniku zrealizowania tego projektu w wojew\u00f3dztwie lubelskim powsta\u0142a nowoczesna, powszechnie dost\u0119pna infrastruktura informacji przestrzennej.<\/span><\/p>\n<p>[\/et_pb_text][\/et_pb_column][et_pb_column type=&#8221;1_2&#8243; _builder_version=&#8221;3.25&#8243; custom_padding=&#8221;|||&#8221; custom_padding__hover=&#8221;|||&#8221;][et_pb_image src=&#8221;http:\/\/riip.offweb.pl\/wp-content\/uploads\/2020\/10\/1X_Hosting_Illustration_01-300&#215;300.png&#8221; title_text=&#8221;1X_Hosting_Illustration_01&#8243; align_tablet=&#8221;center&#8221; align_phone=&#8221;&#8221; align_last_edited=&#8221;on|desktop&#8221; _builder_version=&#8221;4.6.5&#8243; width=&#8221;72%&#8221; animation_style=&#8221;zoom&#8221; animation_intensity_zoom=&#8221;10%&#8221;][\/et_pb_image][\/et_pb_column][\/et_pb_row][\/et_pb_section][et_pb_section fb_built=&#8221;1&#8243; admin_label=&#8221;About&#8221; _builder_version=&#8221;3.22&#8243;][et_pb_row _builder_version=&#8221;3.25&#8243; locked=&#8221;off&#8221;][et_pb_column type=&#8221;4_4&#8243; _builder_version=&#8221;3.25&#8243; custom_padding=&#8221;|||&#8221; custom_padding__hover=&#8221;|||&#8221;][et_pb_text _builder_version=&#8221;4.6.5&#8243; text_font=&#8221;||||||||&#8221; text_font_size=&#8221;16px&#8221; text_line_height=&#8221;2em&#8221; header_2_font=&#8221;Rubik|500||on|||||&#8221; header_2_text_color=&#8221;#ff8f00&#8243; header_2_font_size=&#8221;14px&#8221; header_2_letter_spacing=&#8221;1px&#8221; header_2_line_height=&#8221;1.5em&#8221; header_3_font=&#8221;Rubik|500|||||||&#8221; header_3_font_size=&#8221;38px&#8221; header_3_line_height=&#8221;1.4em&#8221; header_2_font_size_tablet=&#8221;42px&#8221; header_2_font_size_phone=&#8221;32px&#8221; header_2_font_size_last_edited=&#8221;off|desktop&#8221; header_3_font_size_tablet=&#8221;28px&#8221; header_3_font_size_phone=&#8221;20px&#8221; header_3_font_size_last_edited=&#8221;on|phone&#8221; locked=&#8221;off&#8221;]<\/p>\n<h3><\/h3>\n<p style=\"font-weight: 400;\"><span style=\"font-style: inherit; font-weight: inherit;\">Projekt pn. \u201e<strong>Budowa Regionalnej Infrastruktury Informacji Przestrzennej<\/strong>\u201d zrealizowany zosta\u0142 w ramach Regionalnego Programu Operacyjnego Wojew\u00f3dztwa Lubelskiego na lata 2007-2013, O\u015b Priorytetowa IV: Spo\u0142ecze\u0144stwo Informacyjne, Dzia\u0142anie 4.1. Spo\u0142ecze\u0144stwo Informacyjne.<br \/> W wyniku zrealizowania tego projektu w wojew\u00f3dztwie lubelskim powsta\u0142a nowoczesna, powszechnie dost\u0119pna infrastruktura informacji przestrzennej.<\/span><\/p>\n<p style=\"font-weight: 400;\"><span style=\"font-style: inherit; font-weight: inherit;\">\u00a0<\/span><\/p>\n<p style=\"font-weight: 400;\"><span style=\"font-style: inherit; font-weight: inherit;\">Projekt w 85% wsp\u00f3\u0142finansowany by\u0142 przez Uni\u0119 Europejsk\u0105 ze \u015brodk\u00f3w Europejskiego Funduszu Rozwoju Regionalnego a w pozosta\u0142ych 15% z Bud\u017cetu Wojew\u00f3dztwa Lubelskiego. Ca\u0142kowita warto\u015b\u0107 projektu wynios\u0142a<span>\u00a0<\/span><strong>14\u00a0965\u00a0560,44 z\u0142<\/strong><span>\u00a0<\/span>(wydatki kwalifikowalne), z czego dofinansowanie ze \u015brodk\u00f3w Unii Europejskiej stanowi\u0142o<span>\u00a0<\/span><strong>12\u00a0720\u00a0726,37 z\u0142.<\/strong><span>\u00a0<\/span>Realizacja Projektu rozpocz\u0119\u0142a si\u0119 5 stycznia 2010 r. i zako\u0144czy\u0142a si\u0119 31 grudnia 2015 r. Beneficjentem projektu by\u0142o Wojew\u00f3dztwo Lubelskie, natomiast Uchwa\u0142\u0105 z dnia 31 maja 2011 r. Zarz\u0105d Wojew\u00f3dztwa Lubelskiego realizacj\u0119 projektu powierzy\u0142 Biuru Geodezji Urz\u0119du Marsza\u0142kowskiego Wojew\u00f3dztwa Lubelskiego w Lublinie.<\/span><\/p>\n<p style=\"font-weight: 400;\"><span style=\"font-style: inherit; font-weight: inherit;\">\u00a0<\/span><\/p>\n<p style=\"font-weight: 400;\"><span style=\"font-style: inherit; font-weight: inherit;\">Budowa Infrastruktury Informacji Przestrzennej w wojew\u00f3dztwie lubelskim by\u0142a wype\u0142nieniem ustawowego obowi\u0105zku tworzenia infrastruktury informacji przestrzennej, na\u0142o\u017conego ustaw\u0105 z dnia 4 marca 2010 r. o infrastrukturze informacji przestrzennej, kt\u00f3ra jest transpozycj\u0105 dyrektywy Parlamentu Europejskiego nr 2007\/2\/WE z dnia 15 maja 2007 roku zwanej dyrektyw\u0105 INSPIRE. Przedmiotowa dyrektywa na\u0142o\u017cy\u0142a na pa\u0144stwa cz\u0142onkowskie Unii Europejskiej obowi\u0105zek zbudowania krajowej infrastruktury informacji przestrzennej na swoim terytorium zgodnie z odpowiednimi, wsp\u00f3lnotowymi przepisami wykonawczymi z uwzgl\u0119dnieniem uwarunkowa\u0144 \u015brodowiskowych i cywilizacyjnych.<\/span><\/p>\n<p style=\"font-weight: 400;\"><span style=\"font-style: inherit; font-weight: inherit;\">\u00a0<\/span><\/p>\n<p style=\"font-weight: 400;\"><strong><span style=\"font-style: inherit; font-weight: inherit;\">Realizacja Projektu odby\u0142a si\u0119 w 4 nast\u0119puj\u0105cych etapach:<\/span><\/strong><\/p>\n<p style=\"font-weight: 400;\"><span style=\"font-style: inherit; font-weight: inherit;\">1.<\/span><span style=\"font-style: inherit; font-weight: inherit;\">Modernizacja i Informatyzacja Wojew\u00f3dzkiego O\u015brodka Dokumentacji Geodezyjnej i Kartograficznej,<\/span><\/p>\n<p style=\"font-weight: 400;\"><span style=\"font-style: inherit; font-weight: inherit;\">2.<\/span><span style=\"font-style: inherit; font-weight: inherit;\">Wdro\u017cenie pilota\u017cowe,<\/span><\/p>\n<p style=\"font-weight: 400;\"><span style=\"font-style: inherit; font-weight: inherit;\">3.<\/span><span style=\"font-style: inherit; font-weight: inherit;\">Pe\u0142ne wdro\u017cenie systemu RIIPWL,<\/span><\/p>\n<p style=\"font-weight: 400;\"><span style=\"font-style: inherit; font-weight: inherit;\">4.<\/span><span style=\"font-style: inherit; font-weight: inherit;\">Promocja projektu, Audyt.<\/span><\/p>\n<p style=\"font-weight: 400;\"><span style=\"font-style: inherit; font-weight: inherit;\">\u00a0<\/span><\/p>\n<p style=\"font-weight: 400;\"><strong><span style=\"font-style: inherit; font-weight: inherit;\">Zgodnie z wnioskiem o dofinansowanie Projektu zrealizowane zosta\u0142y nast\u0119puj\u0105ce zadania:<\/span><\/strong><\/p>\n<p style=\"font-weight: 400;\"><span style=\"font-style: inherit; font-weight: inherit;\">1.<\/span><span style=\"font-style: inherit; font-weight: inherit;\">ETAP I Opracowanie Koncepcji RIIPWL oraz Studium Wykonalno\u015bci,<\/span><\/p>\n<p style=\"font-weight: 400;\"><span style=\"font-style: inherit; font-weight: inherit;\">2.<\/span><span style=\"font-style: inherit; font-weight: inherit;\">ETAP I Aktualizacja Studium Wykonalno\u015bci (2011),<\/span><\/p>\n<p style=\"font-weight: 400;\"><span style=\"font-style: inherit; font-weight: inherit;\">3.<\/span><span style=\"font-style: inherit; font-weight: inherit;\">ETAP I Modernizacja Infrastruktury Technicznej BG (Biura Geodezji Wojew\u00f3dztwa Lubelskiego),<\/span><\/p>\n<p style=\"font-weight: 400;\"><span style=\"font-style: inherit; font-weight: inherit;\">4.<\/span><span style=\"font-style: inherit; font-weight: inherit;\">Promocja,<\/span><\/p>\n<p style=\"font-weight: 400;\"><span style=\"font-style: inherit; font-weight: inherit;\">5.<\/span><span style=\"font-style: inherit; font-weight: inherit;\">Dokumentacja POT,<\/span><\/p>\n<p style=\"font-weight: 400;\"><span style=\"font-style: inherit; font-weight: inherit;\">6.<\/span><span style=\"font-style: inherit; font-weight: inherit;\">Zarz\u0105dzanie projektem,<\/span><\/p>\n<p style=\"font-weight: 400;\"><span style=\"font-style: inherit; font-weight: inherit;\">7.<\/span><span style=\"font-style: inherit; font-weight: inherit;\">Sprz\u0119t komputerowy,<\/span><\/p>\n<p style=\"font-weight: 400;\"><span style=\"font-style: inherit; font-weight: inherit;\">8.<\/span><span style=\"font-style: inherit; font-weight: inherit;\">Oprogramowanie,<\/span><\/p>\n<p style=\"font-weight: 400;\"><span style=\"font-style: inherit; font-weight: inherit;\">9.<\/span><span style=\"font-style: inherit; font-weight: inherit;\">Szkolenia,<\/span><\/p>\n<p style=\"font-weight: 400;\"><span style=\"font-style: inherit; font-weight: inherit;\">10.<\/span><span style=\"font-style: inherit; font-weight: inherit;\">Opracowanie BPA,<\/span><\/p>\n<p style=\"font-weight: 400;\"><span style=\"font-style: inherit; font-weight: inherit;\">11.<\/span><span style=\"font-style: inherit; font-weight: inherit;\">Wdro\u017cenie,<\/span><\/p>\n<p style=\"font-weight: 400;\"><span style=\"font-style: inherit; font-weight: inherit;\">12.<\/span><span style=\"font-style: inherit; font-weight: inherit;\">Audyt<\/span><\/p>\n<p style=\"font-weight: 400;\"><span style=\"font-style: inherit; font-weight: inherit;\"><\/span><\/p>\n<p style=\"font-weight: 400;\"><span style=\"font-style: inherit; font-weight: inherit;\"><\/span><\/p>\n<p style=\"font-weight: 400;\"><span style=\"font-style: inherit; font-weight: inherit;\"><\/span><\/p>\n<p style=\"font-weight: 400;\"><span style=\"font-style: inherit; font-weight: inherit;\"><\/span><\/p>\n<p style=\"font-weight: 400;\"><strong>Prezentacje\u00a0z\u00a0konferencji :\u00a0<\/strong><strong>&#8222;Regionalna Infrastruktura Informacji Przestrzennej &#8211;\u00a0<\/strong><strong>krok w stron\u0119 spo\u0142ecze\u0144stwa informacyjnego&#8221;<br \/> w dniach 16-17.06 2016 r.<\/strong><em><br \/> <\/em><\/p>\n<p style=\"font-weight: 400;\"><strong><\/strong><\/p>\n<p style=\"font-weight: 400;\"><b><a href=\"https:\/\/gis.lubelskie.pl\/images\/prezentacja\/od_RIIP_do_smartRegionu.mp4\" style=\"font-style: inherit;\">Od RIIP do Smart Regionu \u2013 Pawe\u0142 Prokop<\/a><\/b><\/p>\n<p style=\"font-weight: 400;\"><a href=\"https:\/\/gis.lubelskie.pl\/images\/prezentacja\/Projekt_RIIP_Radoslaw_Wnuk.ppsx\" style=\"font-style: inherit;\"><strong>Projekt \u201eBudowa RIIP\u201d \u2013 Rados\u0142aw Wnuk<\/strong><\/a><\/p>\n<p style=\"font-weight: 400;\"><strong><a href=\"https:\/\/gis.lubelskie.pl\/images\/prezentacja\/Prezentacja%20RIIP_JM_AT.ppsx\" style=\"font-style: inherit;\">RIIPWL w pigu\u0142ce \u2013 etapy i produkty projektu \u2013 Jadwiga Mi\u015bkiewicz i Aleksandra Targosz<\/a><\/strong><\/p>\n<p style=\"font-weight: 400;\"><strong><a href=\"https:\/\/gis.lubelskie.pl\/images\/prezentacja\/Esri_RIIP_Lubelskie.ppsx\" style=\"font-style: inherit;\">Narz\u0119dzie ESRI w projekcie RIIPWL \u2013 Karolina Karpisz<\/a><\/strong><\/p>\n<p style=\"font-weight: 400;\"><strong><a href=\"https:\/\/gis.lubelskie.pl\/images\/prezentacja\/modul_zarzadzania_wodgik_Katarzyna_Manko.ppsx\" style=\"font-style: inherit;\">Modu\u0142 Zarz\u0105dzania WODGIK \u2013 Katarzyna Ma\u0144ko<\/a><\/strong><\/p>\n<p style=\"font-weight: 400;\"><strong><a href=\"https:\/\/gis.lubelskie.pl\/images\/prezentacja\/modul_scalenia_B.Czech.ppsx\" style=\"font-style: inherit;\">Modu\u0142 obs\u0142ugi prac i zada\u0144 urz\u0105dzeniowo-rolnych \u2013 Bartosz Czech<\/a><\/strong><\/p>\n<p style=\"font-weight: 400;\"><strong><a href=\"https:\/\/gis.lubelskie.pl\/images\/prezentacja\/MOZUR_Agnieszka_Kozicka.ppsx\" style=\"font-style: inherit;\">MOZUR \u2013 Modu\u0142 obs\u0142ugi zada\u0144 urz\u0105dzeniowo\u2013rolnych<span style=\"font-style: inherit;\">\u00a0\u00a0<\/span>&#8211; Agnieszka Kozicka<\/a><\/strong><\/p>\n<p style=\"font-weight: 400;\"><strong><a href=\"https:\/\/gis.lubelskie.pl\/images\/prezentacja\/moduly_tematyczne_Piskorski_Strojny.ppsx\" style=\"font-style: inherit;\">Modu\u0142y tematyczne RIIPWL \u2013 Piotr Strojny i Mateusz Piskorski<\/a><\/strong><\/p>\n<p style=\"font-weight: 400;\"><strong><a href=\"https:\/\/gis.lubelskie.pl\/images\/prezentacja\/portal_mapowy_Pawel_Postek.ppsx\" style=\"font-style: inherit;\">Portal Mapowy RIIPWL \u2013 Pawe\u0142 Postek<\/a><\/strong><\/p>\n<p style=\"font-weight: 400;\"><strong><a href=\"https:\/\/gis.lubelskie.pl\/images\/prezentacja\/Prezentacja_Konf_RIIP_Rafa%C5%82_Po%C5%BAdzik.ppsx\" style=\"font-style: inherit;\">Aspekty prawne przekazania oprogramowania oraz dokumentacji wytworzonej w ramach projektu \u201eBudowa RIIP\u201d innym jednostkom samorz\u0105du terytorialnego \u2013 Rafa\u0142 Po\u017adzik<\/a><\/strong><\/p>\n<p style=\"font-weight: 400;\"><strong><a href=\"https:\/\/gis.lubelskie.pl\/images\/prezentacja\/Prezentacja%20RIIP_JM(wdro%C5%BCenie).ppsx\" style=\"font-style: inherit;\">Aspekty wdro\u017cenia wybranych modu\u0142\u00f3w w innych wojew\u00f3dztwach \u2013 Jadwiga Mi\u015bkiewicz<span style=\"font-style: inherit;\">\u00a0<\/span><\/a><\/strong><\/p>\n<p style=\"font-weight: 400;\"><strong><span style=\"font-style: inherit;\"><\/span><\/strong><\/p>\n<p style=\"font-weight: 400;\"><b><span style=\"font-style: inherit; font-weight: inherit;\"><\/span><\/b><\/p>\n<p style=\"font-weight: 400;\"><b><span style=\"font-style: inherit; font-weight: inherit;\"><\/span><\/b><\/p>\n<p style=\"font-weight: 400;\"><b><span style=\"font-style: inherit; font-weight: inherit;\"><\/span><\/b><\/p>\n<p style=\"font-weight: 400;\"><strong>Prezentacje\u00a0z\u00a0konferencji :\u00a0<\/strong><strong>&#8222;Regionalna Infrastruktura Informacji Przestrzennej &#8221; z dnia 12.08.2015 r.<\/strong><em><strong><br \/> <\/strong><\/em><\/p>\n<p style=\"font-weight: 400;\"><b><a href=\"https:\/\/gis.lubelskie.pl\/images\/prezentacja\/AnnaPierzchala.pdf\" style=\"font-style: inherit;\">Architektura technologiczna RIIP &#8211; Anna Pierzcha\u0142a<\/a><\/b><\/p>\n<p style=\"font-weight: 400;\"><b><a href=\"https:\/\/gis.lubelskie.pl\/images\/prezentacja\/MaciejZuber.pdf\" style=\"font-style: inherit;\">Architektura u\u017cytkowa RIIP &#8211; Maciej \u017buber<\/a><\/b><\/p>\n<p style=\"font-weight: 400;\"><b><a href=\"https:\/\/gis.lubelskie.pl\/images\/prezentacja\/JacekJarzabek.pdf\" style=\"font-style: inherit;\">Infrastruktura Informacji Przestrzennej w Polsce &#8211; Jacek Jarz\u0105bek<\/a><\/b><\/p>\n<p style=\"font-weight: 400;\"><b><a href=\"https:\/\/gis.lubelskie.pl\/images\/prezentacja\/BarstoszCzech.pdf\" style=\"font-style: inherit;\">RIIP w aspekcie porz\u0105dkowania struktury agrarnej &#8211; Bartosz Czech<\/a><\/b><\/p>\n<p style=\"font-weight: 400;\"><b><a href=\"https:\/\/gis.lubelskie.pl\/images\/prezentacja\/ZenonParzynski.pdf\" style=\"font-style: inherit;\">Struktura bazy danych o\u015brodka dokumentacji geodezyjnej i kartograficznej &#8211; Zenon Parzy\u0144ski<\/a><\/b><\/p>\n<p>[\/et_pb_text][\/et_pb_column][\/et_pb_row][\/et_pb_section][et_pb_section fb_built=&#8221;1&#8243; _builder_version=&#8221;4.6.5&#8243; _module_preset=&#8221;default&#8221;][et_pb_row _builder_version=&#8221;4.6.5&#8243; _module_preset=&#8221;default&#8221; width=&#8221;100%&#8221;][et_pb_column type=&#8221;4_4&#8243; _builder_version=&#8221;4.6.5&#8243; _module_preset=&#8221;default&#8221;][et_pb_blurb image=&#8221;http:\/\/riip.offweb.pl\/wp-content\/uploads\/2020\/10\/logo-projektu.jpg&#8221; content_max_width=&#8221;701px&#8221; _builder_version=&#8221;4.6.5&#8243; _module_preset=&#8221;default&#8221;]<\/p>\n<p style=\"text-align: center;\"><span>Projekt wsp\u00f3\u0142finansowany ze \u015brodk\u00f3w Europejskiego Funduszu Rozwoju Regionalnego w ramach\u00a0<\/span><span>Regionalnego Programu Operacyjnego Wojew\u00f3dztwa Lubelskiego na lata 2007-2013<\/span><\/p>\n<p>[\/et_pb_blurb][\/et_pb_column][\/et_pb_row][\/et_pb_section][et_pb_section fb_built=&#8221;1&#8243; _builder_version=&#8221;4.6.5&#8243; _module_preset=&#8221;default&#8221; background_color=&#8221;#444444&#8243; custom_padding=&#8221;38px||8px|||&#8221; global_module=&#8221;3564&#8243;][et_pb_row column_structure=&#8221;1_3,1_3,1_3&#8243; _builder_version=&#8221;4.6.5&#8243; _module_preset=&#8221;default&#8221; width=&#8221;100%&#8221; max_width=&#8221;1599px&#8221;][et_pb_column type=&#8221;1_3&#8243; _builder_version=&#8221;4.6.5&#8243; _module_preset=&#8221;default&#8221;][et_pb_image src=&#8221;http:\/\/riip.offweb.pl\/wp-content\/uploads\/2020\/10\/herb-256&#215;300.png&#8221; title_text=&#8221;herb&#8221; align=&#8221;right&#8221; _builder_version=&#8221;4.6.5&#8243; _module_preset=&#8221;default&#8221; width=&#8221;18%&#8221; module_alignment=&#8221;right&#8221;][\/et_pb_image][\/et_pb_column][et_pb_column type=&#8221;1_3&#8243; _builder_version=&#8221;4.6.5&#8243; _module_preset=&#8221;default&#8221;][et_pb_text _builder_version=&#8221;4.6.5&#8243; _module_preset=&#8221;default&#8221; custom_margin=&#8221;|||-35px|false|false&#8221;]<\/p>\n<h6><span style=\"color: #ffffff;\"><strong>Urz\u0105d Marsza\u0142kowski Wojew\u00f3dztwa Lubelskiego<br \/> w Lublinie<br \/> Departament Geodezji i Kartografii<\/strong><br \/> ul. Artura Grottgera 4<br \/> 20-029 Lublin<\/span><\/h6>\n<p>[\/et_pb_text][\/et_pb_column][et_pb_column type=&#8221;1_3&#8243; _builder_version=&#8221;4.6.5&#8243; _module_preset=&#8221;default&#8221;][et_pb_text _builder_version=&#8221;4.6.5&#8243; _module_preset=&#8221;default&#8221;]<\/p>\n<h6><span style=\"color: #ffffff;\"><a href=\"http:\/\/riip.offweb.pl\/?page_id=2450\" target=\"_blank\" rel=\"noopener noreferrer\" style=\"color: #ffffff;\">Regulamin \u2192<\/a>\u00a0<\/span><\/h6>\n<h6><span style=\"color: #ffffff;\"><a href=\"http:\/\/riip.offweb.pl\/?page_id=2456\" target=\"_blank\" rel=\"noopener noreferrer\" style=\"color: #ffffff;\">Polityka prywatno\u015bci \u2192<\/a><\/span><\/h6>\n<h6><span style=\"color: #ffffff;\"><a href=\"\/\/riip.offweb.pl\/?page_id=2444\" target=\"_blank\" rel=\"noopener noreferrer\" style=\"color: #ffffff;\">Dane osobowe \u2192<\/a><\/span><\/h6>\n<h6><span style=\"color: #ffffff;\"><a href=\"\/\/riip.offweb.pl\/?page_id=2463\" target=\"_blank\" rel=\"noopener noreferrer\" style=\"color: #ffffff;\">Deklaracja dost\u0119pno\u015bci \u2192<\/a><\/span><\/h6>\n<h6><span style=\"color: #ffffff;\">Mapa strony \u2192<\/span><\/h6>\n<p>[\/et_pb_text][\/et_pb_column][\/et_pb_row][\/et_pb_section]<\/p>\n","protected":false},"excerpt":{"rendered":"<p>[et_pb_section fb_built=&#8221;1&#8243; admin_label=&#8221;Header&#8221; _builder_version=&#8221;4.6.5&#8243; use_background_color_gradient=&#8221;on&#8221; background_color_gradient_start=&#8221;#46b3ff&#8221; background_color_gradient_end=&#8221;#0752fe&#8221; background_color_gradient_direction=&#8221;237deg&#8221; background_enable_image=&#8221;off&#8221; parallax=&#8221;on&#8221; parallax_method=&#8221;off&#8221; custom_padding=&#8221;0px||1vw||false|false&#8221; animation_style=&#8221;slide&#8221; animation_direction=&#8221;top&#8221; animation_intensity_slide=&#8221;2%&#8221; animation_starting_opacity=&#8221;100%&#8221;][et_pb_row column_structure=&#8221;1_2,1_2&#8243; _builder_version=&#8221;3.25&#8243; custom_margin=&#8221;|auto|-21px|auto||&#8221;][et_pb_column type=&#8221;1_2&#8243; _builder_version=&#8221;3.25&#8243; custom_padding=&#8221;60px|||&#8221; custom_padding_tablet=&#8221;0px|||&#8221; custom_padding_phone=&#8221;&#8221; custom_padding_last_edited=&#8221;on|tablet&#8221; padding_tablet=&#8221;0px|||&#8221; padding_last_edited=&#8221;on|tablet&#8221; custom_padding__hover=&#8221;|||&#8221;][et_pb_text _builder_version=&#8221;4.6.5&#8243; text_font=&#8221;||||||||&#8221; text_font_size=&#8221;16px&#8221; text_line_height=&#8221;2em&#8221; header_font=&#8221;Rubik|500|||||||&#8221; header_font_size=&#8221;52px&#8221; header_line_height=&#8221;1.2em&#8221; background_layout=&#8221;dark&#8221; header_font_size_tablet=&#8221;42px&#8221; header_font_size_phone=&#8221;32px&#8221; header_font_size_last_edited=&#8221;on|desktop&#8221; text_text_shadow_style=&#8221;preset1&#8243; text_text_shadow_blur_strength=&#8221;2em&#8221;] Informacje o projekcie W wyniku zrealizowania tego projektu w wojew\u00f3dztwie lubelskim powsta\u0142a nowoczesna, powszechnie [&hellip;]<\/p>\n","protected":false},"author":1,"featured_media":0,"parent":0,"menu_order":0,"comment_status":"closed","ping_status":"closed","template":"","meta":{"_et_pb_use_builder":"on","_et_pb_old_content":"","_et_gb_content_width":""},"_links":{"self":[{"href":"http:\/\/riip.offweb.pl\/index.php?rest_route=\/wp\/v2\/pages\/2432"}],"collection":[{"href":"http:\/\/riip.offweb.pl\/index.php?rest_route=\/wp\/v2\/pages"}],"about":[{"href":"http:\/\/riip.offweb.pl\/index.php?rest_route=\/wp\/v2\/types\/page"}],"author":[{"embeddable":true,"href":"http:\/\/riip.offweb.pl\/index.php?rest_route=\/wp\/v2\/users\/1"}],"replies":[{"embeddable":true,"href":"http:\/\/riip.offweb.pl\/index.php?rest_route=%2Fwp%2Fv2%2Fcomments&post=2432"}],"version-history":[{"count":12,"href":"http:\/\/riip.offweb.pl\/index.php?rest_route=\/wp\/v2\/pages\/2432\/revisions"}],"predecessor-version":[{"id":3577,"href":"http:\/\/riip.offweb.pl\/index.php?rest_route=\/wp\/v2\/pages\/2432\/revisions\/3577"}],"wp:attachment":[{"href":"http:\/\/riip.offweb.pl\/index.php?rest_route=%2Fwp%2Fv2%2Fmedia&parent=2432"}],"curies":[{"name":"wp","href":"https:\/\/api.w.org\/{rel}","templated":true}]}}