{"id":194,"date":"2018-08-07T08:51:18","date_gmt":"2018-08-07T06:51:18","guid":{"rendered":"http:\/\/offweb.home.pl\/?page_id=194"},"modified":"2020-10-09T17:02:22","modified_gmt":"2020-10-09T15:02:22","slug":"faq","status":"publish","type":"page","link":"http:\/\/riip.offweb.pl\/","title":{"rendered":"GEOPORTAL"},"content":{"rendered":"<p>[et_pb_section fb_built=&#8221;1&#8243; admin_label=&#8221;Header&#8221; _builder_version=&#8221;3.22&#8243; use_background_color_gradient=&#8221;on&#8221; background_color_gradient_start=&#8221;#46b3ff&#8221; background_color_gradient_end=&#8221;#0752fe&#8221; background_color_gradient_direction=&#8221;237deg&#8221; background_image=&#8221;http:\/\/riip.offweb.pl\/wp-content\/uploads\/2020\/10\/hosting-company-01.png&#8221; background_size=&#8221;contain&#8221; background_position=&#8221;bottom_center&#8221; custom_padding=&#8221;19px||10vw||false|false&#8221; animation_style=&#8221;slide&#8221; animation_direction=&#8221;top&#8221; animation_intensity_slide=&#8221;2%&#8221; animation_starting_opacity=&#8221;100%&#8221;][et_pb_row column_structure=&#8221;1_2,1_2&#8243; _builder_version=&#8221;3.25&#8243;][et_pb_column type=&#8221;1_2&#8243; _builder_version=&#8221;3.25&#8243; custom_padding=&#8221;60px|||&#8221; custom_padding_tablet=&#8221;0px|||&#8221; custom_padding_phone=&#8221;&#8221; custom_padding_last_edited=&#8221;on|tablet&#8221; padding_tablet=&#8221;0px|||&#8221; padding_last_edited=&#8221;on|tablet&#8221; custom_padding__hover=&#8221;|||&#8221;][et_pb_text _builder_version=&#8221;4.6.5&#8243; text_font=&#8221;||||||||&#8221; text_font_size=&#8221;16px&#8221; text_line_height=&#8221;2em&#8221; header_font=&#8221;Rubik|500|||||||&#8221; header_font_size=&#8221;52px&#8221; header_line_height=&#8221;1.2em&#8221; background_layout=&#8221;dark&#8221; header_font_size_tablet=&#8221;42px&#8221; header_font_size_phone=&#8221;32px&#8221; header_font_size_last_edited=&#8221;on|desktop&#8221; text_text_shadow_style=&#8221;preset1&#8243; text_text_shadow_blur_strength=&#8221;2em&#8221;]<\/p>\n<h1>Regionalna Infrastruktura Informacji Przestrzennej<\/h1>\n<h2><strong>WOJEW\u00d3DZTWA LUBELSKIEGO<\/strong><\/h2>\n<p>[\/et_pb_text][\/et_pb_column][et_pb_column type=&#8221;1_2&#8243; _builder_version=&#8221;3.25&#8243; custom_padding=&#8221;|||&#8221; custom_padding__hover=&#8221;|||&#8221;][et_pb_image src=&#8221;http:\/\/riip.offweb.pl\/wp-content\/uploads\/2020\/10\/1X_Hosting_Illustration_01.png&#8221; align_tablet=&#8221;center&#8221; align_phone=&#8221;&#8221; align_last_edited=&#8221;on|desktop&#8221; _builder_version=&#8221;4.6.5&#8243; animation_style=&#8221;zoom&#8221; animation_intensity_zoom=&#8221;10%&#8221;][\/et_pb_image][\/et_pb_column][\/et_pb_row][\/et_pb_section][et_pb_section fb_built=&#8221;1&#8243; _builder_version=&#8221;4.6.5&#8243; _module_preset=&#8221;default&#8221; custom_padding=&#8221;||124px|||&#8221;][et_pb_row _builder_version=&#8221;4.6.5&#8243; _module_preset=&#8221;default&#8221;][et_pb_column type=&#8221;4_4&#8243; _builder_version=&#8221;4.6.5&#8243; _module_preset=&#8221;default&#8221;][et_pb_text _builder_version=&#8221;4.6.5&#8243; _module_preset=&#8221;default&#8221; text_font_size=&#8221;18px&#8221;]<\/p>\n<p style=\"text-align: center;\"><span style=\"font-size: x-large;\"><strong>Witamy w Portalu Regionalnej Infrastruktury Informacji Przestrzennej Wojew\u00f3dztwa Lubelskiego<\/strong><\/span><\/p>\n<p><span><\/span><\/p>\n<p><span><\/span><\/p>\n<p style=\"text-align: center;\"><span>Lorem ipsum dolor sit amet, consectetur adipiscing elit, sed do eiusmod tempor incididunt ut labore et dolore magna aliqua. Ut enim ad minim veniam, quis nostrud exercitation ullamco laboris nisi ut aliquip ex ea commodo consequat. Duis aute irure dolor in reprehenderit in voluptate velit esse cillum dolore eu fugiat nulla pariatur. Excepteur sint occaecat cupidatat non proident, sunt in culpa qui officia deserunt mollit anim id est laborum.<\/span><\/p>\n<p>[\/et_pb_text][\/et_pb_column][\/et_pb_row][\/et_pb_section][et_pb_section fb_built=&#8221;1&#8243; fullwidth=&#8221;on&#8221; _builder_version=&#8221;4.6.5&#8243; _module_preset=&#8221;default&#8221;][et_pb_fullwidth_header text_orientation=&#8221;center&#8221; _builder_version=&#8221;4.6.5&#8243; _module_preset=&#8221;default&#8221; background_color=&#8221;#0c71c3&#8243; use_background_color_gradient=&#8221;on&#8221; background_color_gradient_end=&#8221;#32a8f2&#8243; custom_margin=&#8221;-4px||||false|false&#8221; custom_padding=&#8221;1px||0px||false|false&#8221;]<\/p>\n<h1>MODU\u0141Y TEMATYCZNE<\/h1>\n<p>[\/et_pb_fullwidth_header][\/et_pb_section][et_pb_section fb_built=&#8221;1&#8243; _builder_version=&#8221;4.6.5&#8243; _module_preset=&#8221;default&#8221; custom_padding=&#8221;78px||89px|||&#8221;][et_pb_row column_structure=&#8221;1_3,1_3,1_3&#8243; _builder_version=&#8221;4.6.5&#8243; _module_preset=&#8221;default&#8221;][et_pb_column type=&#8221;1_3&#8243; _builder_version=&#8221;4.6.5&#8243; _module_preset=&#8221;default&#8221;][et_pb_blurb url=&#8221;https:\/\/gis.lubelskie.pl\/portal\/apps\/webappviewer\/index.html?id=08fe1a9eadb24798b59a85dd630a411b&#8221; url_new_window=&#8221;on&#8221; image=&#8221;http:\/\/riip.offweb.pl\/wp-content\/uploads\/2020\/10\/riip_kafelek33-300&#215;300.png&#8221; _builder_version=&#8221;4.6.5&#8243; _module_preset=&#8221;default&#8221; header_text_align=&#8221;center&#8221; link_option_url=&#8221;https:\/\/gis.lubelskie.pl\/portal\/apps\/webappviewer\/index.html?id=08fe1a9eadb24798b59a85dd630a411b&#8221; link_option_url_new_window=&#8221;on&#8221; locked=&#8221;off&#8221;]<\/p>\n<h2 style=\"text-align: center;\"><span color=\"#000000\" style=\"color: #000000;\"><b>\u00a0 \u00a0 \u00a0 \u00a0 \u00a0 \u00a0 \u00a0PORTAL MAPOWY<\/b><\/span><\/h2>\n<p>[\/et_pb_blurb][\/et_pb_column][et_pb_column type=&#8221;1_3&#8243; _builder_version=&#8221;4.6.5&#8243; _module_preset=&#8221;default&#8221;][et_pb_blurb url=&#8221;http:\/\/riip.offweb.pl\/?page_id=548&#8243; url_new_window=&#8221;on&#8221; image=&#8221;http:\/\/riip.offweb.pl\/wp-content\/uploads\/2020\/10\/riip_kafelek1-1-300&#215;300.png&#8221; _builder_version=&#8221;4.6.5&#8243; _module_preset=&#8221;default&#8221; header_text_align=&#8221;center&#8221; link_option_url=&#8221;http:\/\/riip.offweb.pl\/?page_id=548&#8243; link_option_url_new_window=&#8221;on&#8221; locked=&#8221;off&#8221;]<\/p>\n<h3 style=\"text-align: center;\"><span style=\"color: #000000;\"><strong><span style=\"font-size: x-large;\">\u00a0 \u00a0 \u00a0 \u00a0 \u00a0 \u00a0WODGIK<\/span><\/strong><\/span><\/h3>\n<p><span style=\"color: #000000;\"><strong><\/strong><\/span><\/p>\n<p>[\/et_pb_blurb][\/et_pb_column][et_pb_column type=&#8221;1_3&#8243; _builder_version=&#8221;4.6.5&#8243; _module_preset=&#8221;default&#8221;][et_pb_blurb url=&#8221;http:\/\/gis.lubelskie.pl\/geoportal\/&#8221; url_new_window=&#8221;on&#8221; image=&#8221;http:\/\/riip.offweb.pl\/wp-content\/uploads\/2020\/10\/riip_kafelek2-1-300&#215;300.png&#8221; _builder_version=&#8221;4.6.5&#8243; _module_preset=&#8221;default&#8221; header_text_align=&#8221;center&#8221; link_option_url=&#8221;http:\/\/gis.lubelskie.pl\/geoportal\/&#8221; link_option_url_new_window=&#8221;on&#8221; locked=&#8221;off&#8221;]<\/p>\n<h2 style=\"text-align: center;\"><span style=\"color: #000000;\"><strong>KATALOG<br \/> <\/strong><\/span><span style=\"color: #000000;\"><strong>METADANYCH<\/strong><\/span><\/h2>\n<p>[\/et_pb_blurb][\/et_pb_column][\/et_pb_row][\/et_pb_section][et_pb_section fb_built=&#8221;1&#8243; fullwidth=&#8221;on&#8221; _builder_version=&#8221;4.6.5&#8243; _module_preset=&#8221;default&#8221;][et_pb_fullwidth_header text_orientation=&#8221;center&#8221; _builder_version=&#8221;4.6.5&#8243; _module_preset=&#8221;default&#8221; background_color=&#8221;#0c71c3&#8243; use_background_color_gradient=&#8221;on&#8221; background_color_gradient_end=&#8221;#32a8f2&#8243; custom_margin=&#8221;-4px||||false|false&#8221; custom_padding=&#8221;0px||0px||false|false&#8221;]<\/p>\n<h1>AKTUALNO\u015aCI<\/h1>\n<p>[\/et_pb_fullwidth_header][\/et_pb_section][et_pb_section fb_built=&#8221;1&#8243; admin_label=&#8221;Features&#8221; _builder_version=&#8221;3.22&#8243; custom_padding=&#8221;||80px|||&#8221; locked=&#8221;off&#8221;][et_pb_row _builder_version=&#8221;3.25&#8243; custom_padding=&#8221;||0px|||&#8221;][et_pb_column type=&#8221;4_4&#8243; _builder_version=&#8221;3.25&#8243; custom_padding=&#8221;|||&#8221; custom_padding__hover=&#8221;|||&#8221;][et_pb_blog posts_number=&#8221;5&#8243; include_categories=&#8221;all&#8221; show_content=&#8221;on&#8221; show_author=&#8221;off&#8221; show_date=&#8221;off&#8221; show_categories=&#8221;off&#8221; _builder_version=&#8221;4.6.5&#8243; _module_preset=&#8221;default&#8221; header_font=&#8221;Roboto||||||||&#8221; header_font_size=&#8221;20px&#8221; body_font_size=&#8221;16px&#8221;][\/et_pb_blog][\/et_pb_column][\/et_pb_row][\/et_pb_section][et_pb_section fb_built=&#8221;1&#8243; _builder_version=&#8221;4.6.5&#8243; _module_preset=&#8221;default&#8221;][et_pb_row _builder_version=&#8221;4.6.5&#8243; _module_preset=&#8221;default&#8221; width=&#8221;100%&#8221;][et_pb_column type=&#8221;4_4&#8243; _builder_version=&#8221;4.6.5&#8243; _module_preset=&#8221;default&#8221;][et_pb_blurb image=&#8221;http:\/\/riip.offweb.pl\/wp-content\/uploads\/2020\/10\/logo-projektu.jpg&#8221; content_max_width=&#8221;701px&#8221; _builder_version=&#8221;4.6.5&#8243; _module_preset=&#8221;default&#8221;]<\/p>\n<p style=\"text-align: center;\"><span>Projekt wsp\u00f3\u0142finansowany ze \u015brodk\u00f3w Europejskiego Funduszu Rozwoju Regionalnego w ramach\u00a0<\/span><span>Regionalnego Programu Operacyjnego Wojew\u00f3dztwa Lubelskiego na lata 2007-2013<\/span><\/p>\n<p>[\/et_pb_blurb][\/et_pb_column][\/et_pb_row][\/et_pb_section][et_pb_section fb_built=&#8221;1&#8243; _builder_version=&#8221;4.6.5&#8243; _module_preset=&#8221;default&#8221; background_color=&#8221;#444444&#8243; custom_padding=&#8221;38px||8px|||&#8221; global_module=&#8221;3564&#8243; saved_tabs=&#8221;all&#8221;][et_pb_row column_structure=&#8221;1_3,1_3,1_3&#8243; _builder_version=&#8221;4.6.5&#8243; _module_preset=&#8221;default&#8221; width=&#8221;100%&#8221; max_width=&#8221;1599px&#8221;][et_pb_column type=&#8221;1_3&#8243; _builder_version=&#8221;4.6.5&#8243; _module_preset=&#8221;default&#8221;][et_pb_image src=&#8221;http:\/\/riip.offweb.pl\/wp-content\/uploads\/2020\/10\/herb-256&#215;300.png&#8221; title_text=&#8221;herb&#8221; align=&#8221;right&#8221; _builder_version=&#8221;4.6.5&#8243; _module_preset=&#8221;default&#8221; width=&#8221;18%&#8221; module_alignment=&#8221;right&#8221;][\/et_pb_image][\/et_pb_column][et_pb_column type=&#8221;1_3&#8243; _builder_version=&#8221;4.6.5&#8243; _module_preset=&#8221;default&#8221;][et_pb_text _builder_version=&#8221;4.6.5&#8243; _module_preset=&#8221;default&#8221; custom_margin=&#8221;|||-35px|false|false&#8221;]<\/p>\n<h6><span style=\"color: #ffffff;\"><strong>Urz\u0105d Marsza\u0142kowski Wojew\u00f3dztwa Lubelskiego<br \/> w Lublinie<br \/> Departament Geodezji i Kartografii<\/strong><br \/> ul. Artura Grottgera 4<br \/> 20-029 Lublin<\/span><\/h6>\n<p>[\/et_pb_text][\/et_pb_column][et_pb_column type=&#8221;1_3&#8243; _builder_version=&#8221;4.6.5&#8243; _module_preset=&#8221;default&#8221;][et_pb_text _builder_version=&#8221;4.6.5&#8243; _module_preset=&#8221;default&#8221;]<\/p>\n<h6><span style=\"color: #ffffff;\"><a href=\"http:\/\/riip.offweb.pl\/?page_id=2450\" target=\"_blank\" rel=\"noopener noreferrer\" style=\"color: #ffffff;\">Regulamin \u2192<\/a>\u00a0<\/span><\/h6>\n<h6><span style=\"color: #ffffff;\"><a href=\"http:\/\/riip.offweb.pl\/?page_id=2456\" target=\"_blank\" rel=\"noopener noreferrer\" style=\"color: #ffffff;\">Polityka prywatno\u015bci \u2192<\/a><\/span><\/h6>\n<h6><span style=\"color: #ffffff;\"><a href=\"\/\/riip.offweb.pl\/?page_id=2444\" target=\"_blank\" rel=\"noopener noreferrer\" style=\"color: #ffffff;\">Dane osobowe \u2192<\/a><\/span><\/h6>\n<h6><span style=\"color: #ffffff;\"><a href=\"\/\/riip.offweb.pl\/?page_id=2463\" target=\"_blank\" rel=\"noopener noreferrer\" style=\"color: #ffffff;\">Deklaracja dost\u0119pno\u015bci \u2192<\/a><\/span><\/h6>\n<h6><span style=\"color: #ffffff;\">Mapa strony \u2192<\/span><\/h6>\n<p>[\/et_pb_text][\/et_pb_column][\/et_pb_row][\/et_pb_section]<\/p>\n","protected":false},"excerpt":{"rendered":"<p>[et_pb_section fb_built=&#8221;1&#8243; admin_label=&#8221;Header&#8221; _builder_version=&#8221;3.22&#8243; use_background_color_gradient=&#8221;on&#8221; background_color_gradient_start=&#8221;#46b3ff&#8221; background_color_gradient_end=&#8221;#0752fe&#8221; background_color_gradient_direction=&#8221;237deg&#8221; background_image=&#8221;http:\/\/riip.offweb.pl\/wp-content\/uploads\/2020\/10\/hosting-company-01.png&#8221; background_size=&#8221;contain&#8221; background_position=&#8221;bottom_center&#8221; custom_padding=&#8221;19px||10vw||false|false&#8221; animation_style=&#8221;slide&#8221; animation_direction=&#8221;top&#8221; animation_intensity_slide=&#8221;2%&#8221; animation_starting_opacity=&#8221;100%&#8221;][et_pb_row column_structure=&#8221;1_2,1_2&#8243; _builder_version=&#8221;3.25&#8243;][et_pb_column type=&#8221;1_2&#8243; _builder_version=&#8221;3.25&#8243; custom_padding=&#8221;60px|||&#8221; custom_padding_tablet=&#8221;0px|||&#8221; custom_padding_phone=&#8221;&#8221; custom_padding_last_edited=&#8221;on|tablet&#8221; padding_tablet=&#8221;0px|||&#8221; padding_last_edited=&#8221;on|tablet&#8221; custom_padding__hover=&#8221;|||&#8221;][et_pb_text _builder_version=&#8221;4.6.5&#8243; text_font=&#8221;||||||||&#8221; text_font_size=&#8221;16px&#8221; text_line_height=&#8221;2em&#8221; header_font=&#8221;Rubik|500|||||||&#8221; header_font_size=&#8221;52px&#8221; header_line_height=&#8221;1.2em&#8221; background_layout=&#8221;dark&#8221; header_font_size_tablet=&#8221;42px&#8221; header_font_size_phone=&#8221;32px&#8221; header_font_size_last_edited=&#8221;on|desktop&#8221; text_text_shadow_style=&#8221;preset1&#8243; text_text_shadow_blur_strength=&#8221;2em&#8221;] Regionalna Infrastruktura Informacji Przestrzennej WOJEW\u00d3DZTWA LUBELSKIEGO [\/et_pb_text][\/et_pb_column][et_pb_column type=&#8221;1_2&#8243; _builder_version=&#8221;3.25&#8243; custom_padding=&#8221;|||&#8221; custom_padding__hover=&#8221;|||&#8221;][et_pb_image src=&#8221;http:\/\/riip.offweb.pl\/wp-content\/uploads\/2020\/10\/1X_Hosting_Illustration_01.png&#8221; align_tablet=&#8221;center&#8221; align_phone=&#8221;&#8221; align_last_edited=&#8221;on|desktop&#8221; [&hellip;]<\/p>\n","protected":false},"author":1,"featured_media":0,"parent":0,"menu_order":0,"comment_status":"closed","ping_status":"closed","template":"","meta":{"_et_pb_use_builder":"on","_et_pb_old_content":"","_et_gb_content_width":""},"_links":{"self":[{"href":"http:\/\/riip.offweb.pl\/index.php?rest_route=\/wp\/v2\/pages\/194"}],"collection":[{"href":"http:\/\/riip.offweb.pl\/index.php?rest_route=\/wp\/v2\/pages"}],"about":[{"href":"http:\/\/riip.offweb.pl\/index.php?rest_route=\/wp\/v2\/types\/page"}],"author":[{"embeddable":true,"href":"http:\/\/riip.offweb.pl\/index.php?rest_route=\/wp\/v2\/users\/1"}],"replies":[{"embeddable":true,"href":"http:\/\/riip.offweb.pl\/index.php?rest_route=%2Fwp%2Fv2%2Fcomments&post=194"}],"version-history":[{"count":139,"href":"http:\/\/riip.offweb.pl\/index.php?rest_route=\/wp\/v2\/pages\/194\/revisions"}],"predecessor-version":[{"id":3651,"href":"http:\/\/riip.offweb.pl\/index.php?rest_route=\/wp\/v2\/pages\/194\/revisions\/3651"}],"wp:attachment":[{"href":"http:\/\/riip.offweb.pl\/index.php?rest_route=%2Fwp%2Fv2%2Fmedia&parent=194"}],"curies":[{"name":"wp","href":"https:\/\/api.w.org\/{rel}","templated":true}]}}