{"id":1596,"date":"2018-09-26T05:53:39","date_gmt":"2018-09-26T03:53:39","guid":{"rendered":"http:\/\/offweb.home.pl\/?page_id=1596"},"modified":"2020-09-22T16:31:01","modified_gmt":"2020-09-22T14:31:01","slug":"mapa-strony","status":"publish","type":"page","link":"http:\/\/riip.offweb.pl\/?page_id=1596","title":{"rendered":"Mapa strony"},"content":{"rendered":"<p>[et_pb_section fb_built=&#8221;1&#8243; admin_label=&#8221;section&#8221; _builder_version=&#8221;3.0.47&#8243;][et_pb_row admin_label=&#8221;row&#8221; _builder_version=&#8221;3.17.6&#8243; background_size=&#8221;initial&#8221; background_position=&#8221;top_left&#8221; background_repeat=&#8221;repeat&#8221;][et_pb_column type=&#8221;4_4&#8243; _builder_version=&#8221;3.0.47&#8243; parallax=&#8221;off&#8221; parallax_method=&#8221;on&#8221;][et_pb_text admin_label=&#8221;Text&#8221; _builder_version=&#8221;3.17.6&#8243; background_size=&#8221;initial&#8221; background_position=&#8221;top_left&#8221; background_repeat=&#8221;repeat&#8221; animation_style=&#8221;fold&#8221; animation_direction=&#8221;bottom&#8221; animation_intensity_fold=&#8221;4%&#8221;]<\/p>\n<header class=\"entry-header\">\n<header class=\"entry-header\"><\/header>\n<h1><\/h1>\n<h1 class=\"entry-title\"><strong>Menu<\/strong><\/h1>\n<\/header>\n<div class=\"entry-content\">\n<div class=\"menu-menu-podmiotowe-container\">\n<p><a href=\"http:\/\/offweb.home.pl\/?page_id=535\">POW<br \/> <\/a><a href=\"http:\/\/offweb.home.pl\/?page_id=535\">Beneficjenci projektu<br \/> <\/a><a href=\"http:\/\/offweb.home.pl\/?page_id=628\">Us\u0142ugi<br \/> <\/a><a href=\"http:\/\/offweb.home.pl\/?page_id=548\">Aktualno\u015bci<br \/> <\/a><a href=\"http:\/\/offweb.home.pl\/?page_id=194\"><span data-wahfont=\"16\">FAQ\u00a0 \u2013 Pytania i Odpowiedzi<br \/> <\/span><\/a><a href=\"http:\/\/offweb.home.pl\/?page_id=440\"><span data-wahfont=\"16\">Baza wiedzy<br \/> <\/span><\/a><a href=\"http:\/\/offweb.home.pl\/?page_id=202\">Kontakt<br \/> <\/a><a href=\"http:\/\/offweb.home.pl\/?page_id=200\">Rejestracja<br \/> <\/a><a href=\"http:\/\/offweb.home.pl\/?page_id=198\">Logowanie<\/a><\/p>\n<\/div>\n<h2><strong><br \/> Portal Obs\u0142ugi Wniosk\u00f3w<\/strong><\/h2>\n<p><span class=\"s1\"><a href=\"http:\/\/offweb.home.pl\/?page_id=1044\"><br \/> Zbi\u00f3r danych EGiB<br \/> <\/a><\/span><span class=\"s1\"><a href=\"http:\/\/offweb.home.pl\/?page_id=1060\">Zbi\u00f3r danych GESUT<br \/> <\/a><\/span><span class=\"s1\"><a href=\"http:\/\/offweb.home.pl\/?page_id=1052\">Zbi\u00f3r danych BDOT500|<br \/> <\/a><\/span><span class=\"s1\"><a href=\"http:\/\/offweb.home.pl\/?page_id=1066\">Zbi\u00f3r danych BDSOG<br \/> <\/a><\/span><span class=\"s1\"><a href=\"http:\/\/offweb.home.pl\/?page_id=1189\">Mapa ewidencyjna\u00a0i zasadnicza<br \/> <\/a><\/span><span class=\"s1\"><a href=\"http:\/\/offweb.home.pl\/?page_id=1116\">Us\u0142ugi dla geodet\u00f3w<br \/> <\/a><\/span><span class=\"s1\"><a href=\"http:\/\/offweb.home.pl\/?page_id=1098\">Rejestry kartoteki i skorowidze<br \/> <\/a><\/span><span class=\"s1\"><a href=\"http:\/\/offweb.home.pl\/?page_id=1108\">Wypis, wypisy\u00a0i wyrysy, wyrysy<br \/> <\/a><\/span><span class=\"s1\"><a href=\"http:\/\/offweb.home.pl\/?page_id=1073\">Zbi\u00f3r danych RCWiN<br \/> <\/a><\/span><span class=\"s1\"><a href=\"http:\/\/offweb.home.pl\/?page_id=1123\">Pozosta\u0142e materia\u0142y<br \/> <\/a><\/span><span class=\"s1\"><a href=\"http:\/\/offweb.home.pl\/?page_id=1138\">Gospodarka Nieruchomo\u015bciami<br \/> <\/a><\/span><span class=\"s1\"><a href=\"http:\/\/offweb.home.pl\/?page_id=2294\">Kszta\u0142towanie \u0141adu Przestrzennego<br \/> <\/a><\/span><span class=\"s1\"><a href=\"http:\/\/offweb.home.pl\/?page_id=2282\">Zarz\u0105dzanie Infrastruktur\u0105 Drogow\u0105<br \/> <\/a><\/span><span class=\"s1\"><a href=\"http:\/\/offweb.home.pl\/?page_id=2299\">Ochrona \u015arodowiska<br \/> <\/a><\/span><span class=\"s1\"><a href=\"http:\/\/offweb.home.pl\/?page_id=2510\">Numery Adresowe<br \/> <\/a><\/span><\/p>\n<\/div>\n<h1><strong><br \/> Beneficjenci projektu<\/strong><br \/> <a href=\"http:\/\/offweb.home.pl\/?page_id=2401\"><\/a><\/h1>\n<p><a href=\"http:\/\/offweb.home.pl\/?page_id=2401\">Starostwo Powiatowe w K\u0142obucku<br \/><\/a><span class=\"s1\"><a href=\"http:\/\/offweb.home.pl\/?page_id=2418\">Gmina K\u0142obuck<br \/> <\/a><\/span><span class=\"s1\"><a href=\"http:\/\/offweb.home.pl\/?page_id=535#\">Gmina Krzepice<br \/> <\/a><\/span><span class=\"s1\"><a href=\"http:\/\/offweb.home.pl\/?page_id=2432\">Gmina Lipie<br \/> <\/a><\/span><span class=\"s1\"><a href=\"http:\/\/offweb.home.pl\/?page_id=2444\">Gmina Mied\u017ano<br \/> <\/a><\/span><span class=\"s1\"><a href=\"http:\/\/offweb.home.pl\/?page_id=2450\">Gmina Opat\u00f3w<br \/> <\/a><\/span><span class=\"s1\"><a href=\"http:\/\/offweb.home.pl\/?page_id=2456\">Gmina Panki<br \/> <\/a><\/span><span class=\"s1\"><a href=\"http:\/\/offweb.home.pl\/?page_id=2463\">Gmina Pop\u00f3w<br \/> <\/a><\/span><span class=\"s1\"><a href=\"http:\/\/offweb.home.pl\/?page_id=2468\">Gmina Przystaj\u0144<br \/> <\/a><\/span><span class=\"s1\"><a href=\"http:\/\/offweb.home.pl\/?page_id=2474\">Gmina Wr\u0119czyca Wielka<\/a><\/span><strong><br \/> <\/strong><\/p>\n<h2><strong><br \/> Katalog us\u0142ug<\/strong><\/h2>\n<p class=\"p1\"><span class=\"s1\"><a href=\"http:\/\/offweb.home.pl\/?p=728\">Udost\u0119pnienie baz danych przestrzennych Ewidencji Grunt\u00f3w i Budynk\u00f3w (EGiB)<br \/> <\/a><\/span><span class=\"s1\"><a href=\"http:\/\/offweb.home.pl\/?p=726\">Udost\u0119pnienie baz danych przestrzennych BDOT500<br \/> <\/a><\/span><span class=\"s1\"><a href=\"http:\/\/offweb.home.pl\/?p=722\">Wniosek o udost\u0119pnienie baz danych przestrzennych BDSOG<br \/> <\/a><\/span><span class=\"s1\"><a href=\"http:\/\/offweb.home.pl\/?p=720\">Wniosek o udost\u0119pnienie baz danych adresowych EMUiA<br \/> <\/a><\/span><span class=\"s1\"><a href=\"http:\/\/offweb.home.pl\/?p=718\">Wniosek o udost\u0119pnienie baz danych obiekt\u00f3w drogowych<br \/> <\/a><\/span><span class=\"s1\"><a href=\"http:\/\/offweb.home.pl\/?p=716\">Wniosek o wydanie zezwolenia na usuni\u0119cie drzew lub krzew\u00f3w<br \/> <\/a><\/span><span class=\"s1\"><a href=\"http:\/\/offweb.home.pl\/?p=714\">Wniosek o wydanie zezwolenia na zaj\u0119cie pasa drogowego<br \/> <\/a><\/span><span class=\"s1\"><a href=\"http:\/\/offweb.home.pl\/?p=712\">Wniosek o nadanie numeru porz\u0105dkowego nieruchomo\u015bci<br \/> <\/a><\/span><span class=\"s1\"><a href=\"http:\/\/offweb.home.pl\/?p=710\">Wniosek o przekszta\u0142cenie prawa u\u017cytkowania wieczystego w prawo w\u0142asno\u015bci do nieruchomo\u015bci<br \/> <\/a><\/span><span class=\"s1\"><a href=\"http:\/\/offweb.home.pl\/?p=708\">Wniosek o wydanie wypisu i wyrysu z Miejscowego Planu Zagospodarowania Przestrzennego Gminy (Miasta)<br \/> <\/a><\/span><span class=\"s1\"><a href=\"http:\/\/offweb.home.pl\/?p=706\">Wniosek o uzgodnienie lokalizacji reklamy<br \/> <\/a><\/span><span class=\"s1\"><a href=\"http:\/\/offweb.home.pl\/?p=704\">Elektroniczna obs\u0142uga prac geodezyjnych<br \/> <\/a><\/span><span class=\"s1\"><a href=\"http:\/\/offweb.home.pl\/?p=702\">Wniosek o wyra\u017cenie zgodny na dysponowanie nieruchomo\u015bci\u0105 na cele budowlane<\/a><\/span><\/p>\n<div class=\"menu-menu-redakcyjne-container\">\n<h2><strong>Aktualno\u015bci<\/strong><\/h2>\n<\/div>\n<p><a href=\"http:\/\/offweb.home.pl\/?page_id=548\"><span data-wahfont=\"16\">Aktualno\u015bci<\/span><\/a><\/p>\n<div class=\"menu-menu-redakcyjne-container\">\n<h2><strong>FAQ<\/strong><\/h2>\n<\/div>\n<p><a href=\"http:\/\/offweb.home.pl\/?page_id=194\"><span data-wahfont=\"16\">FAQ\u00a0 \u2013 Pytania i Odpowiedzi<\/span><\/a><\/p>\n<div class=\"menu-menu-redakcyjne-container\">\n<h2><strong>Baza wiedzy<\/strong><\/h2>\n<\/div>\n<p><a href=\"http:\/\/offweb.home.pl\/?page_id=440\"><span data-wahfont=\"16\">Baza wiedzy<\/span><\/a><\/p>\n<div class=\"menu-menu-redakcyjne-container\">\n<h2><strong>Kontakt<\/strong><\/h2>\n<\/div>\n<p><a href=\"http:\/\/offweb.home.pl\/?page_id=202\">Kontakt<\/a><\/p>\n<div class=\"menu-menu-redakcyjne-container\">\n<h2><strong>Rejestracja<\/strong><\/h2>\n<\/div>\n<p><a href=\"http:\/\/offweb.home.pl\/?page_id=200\">Rejestracja<\/a><\/p>\n<div class=\"menu-menu-redakcyjne-container\">\n<h2><strong>Logowanie<\/strong><\/h2>\n<\/div>\n<p><a href=\"http:\/\/offweb.home.pl\/?page_id=198\">Logowanie<\/a><\/p>\n<p>&nbsp;<\/p>\n<p>[\/et_pb_text][\/et_pb_column][\/et_pb_row][\/et_pb_section]<\/p>\n","protected":false},"excerpt":{"rendered":"<p>[et_pb_section fb_built=&#8221;1&#8243; admin_label=&#8221;section&#8221; _builder_version=&#8221;3.0.47&#8243;][et_pb_row admin_label=&#8221;row&#8221; _builder_version=&#8221;3.17.6&#8243; background_size=&#8221;initial&#8221; background_position=&#8221;top_left&#8221; background_repeat=&#8221;repeat&#8221;][et_pb_column type=&#8221;4_4&#8243; _builder_version=&#8221;3.0.47&#8243; parallax=&#8221;off&#8221; parallax_method=&#8221;on&#8221;][et_pb_text admin_label=&#8221;Text&#8221; _builder_version=&#8221;3.17.6&#8243; background_size=&#8221;initial&#8221; background_position=&#8221;top_left&#8221; background_repeat=&#8221;repeat&#8221; animation_style=&#8221;fold&#8221; animation_direction=&#8221;bottom&#8221; animation_intensity_fold=&#8221;4%&#8221;] Menu POW Beneficjenci projektu Us\u0142ugi Aktualno\u015bci FAQ\u00a0 \u2013 Pytania i Odpowiedzi Baza wiedzy Kontakt Rejestracja Logowanie Portal Obs\u0142ugi Wniosk\u00f3w Zbi\u00f3r danych EGiB Zbi\u00f3r danych GESUT Zbi\u00f3r danych BDOT500| Zbi\u00f3r danych BDSOG Mapa ewidencyjna\u00a0i zasadnicza [&hellip;]<\/p>\n","protected":false},"author":1,"featured_media":0,"parent":0,"menu_order":0,"comment_status":"closed","ping_status":"closed","template":"","meta":{"_et_pb_use_builder":"on","_et_pb_old_content":"<header class=\"entry-header\"><header class=\"entry-header\"><\/header>\r\n<h1><\/h1>\r\n<h1 class=\"entry-title\"><strong>Menu<\/strong><\/h1>\r\n<\/header>\r\n<div class=\"entry-content\">\r\n<div class=\"menu-menu-podmiotowe-container\">\r\n<ul id=\"menu-menu-podmiotowe-1\" class=\"mapa_strony_css\">\r\n \t<li id=\"menu-item-208\" class=\"menu-item menu-item-type-post_type menu-item-object-page menu-item-home menu-item-208\"><a href=\"http:\/\/offweb.home.pl\/?page_id=535\">POK<\/a><\/li>\r\n \t<li id=\"menu-item-547\" class=\"menu-item menu-item-type-post_type menu-item-object-page menu-item-547\"><a href=\"http:\/\/offweb.home.pl\/?page_id=535\">Interesant<\/a><\/li>\r\n \t<li id=\"menu-item-818\" class=\"menu-item menu-item-type-post_type menu-item-object-page current-menu-item page_item page-item-628 current_page_item menu-item-818\"><a href=\"http:\/\/offweb.home.pl\/?page_id=628\">Us\u0142ugi<\/a><\/li>\r\n \t<li id=\"menu-item-550\" class=\"menu-item menu-item-type-post_type menu-item-object-page menu-item-550\"><a href=\"http:\/\/offweb.home.pl\/?page_id=548\">Aktualno\u015bci<\/a><\/li>\r\n \t<li><a href=\"http:\/\/offweb.home.pl\/?page_id=194\"><span data-wahfont=\"16\">FAQ\u00a0 \u2013 Pytania i Odpowiedzi<\/span><\/a><\/li>\r\n \t<li><a href=\"http:\/\/offweb.home.pl\/?page_id=440\"><span data-wahfont=\"16\">Baza wiedzy<\/span><\/a><\/li>\r\n \t<li><a href=\"http:\/\/offweb.home.pl\/?page_id=202\">Kontakt<\/a><\/li>\r\n \t<li><a href=\"http:\/\/offweb.home.pl\/?page_id=200\">Rejestracja<\/a><\/li>\r\n \t<li><a href=\"http:\/\/offweb.home.pl\/?page_id=198\">Logowanie<\/a><\/li>\r\n<\/ul>\r\n<\/div>\r\n<h2><strong>Portal Obs\u0142ugi Klienta<\/strong><\/h2>\r\n<div class=\"menu-menu-podmiotowe-container\">\r\n<ul id=\"menu-menu-podmiotowe-1\" class=\"mapa_strony_css\">\r\n \t<li id=\"menu-item-208\" class=\"menu-item menu-item-type-post_type menu-item-object-page menu-item-home menu-item-208\"><a href=\"http:\/\/offweb.home.pl\/?page_id=1044\">Zbi\u00f3r Danych EiB<\/a><\/li>\r\n \t<li id=\"menu-item-547\" class=\"menu-item menu-item-type-post_type menu-item-object-page menu-item-547\"><a href=\"http:\/\/offweb.home.pl\/?page_id=1129\">Zmiana, aktualizacja EGiB<\/a><\/li>\r\n \t<li id=\"menu-item-818\" class=\"menu-item menu-item-type-post_type menu-item-object-page current-menu-item page_item page-item-628 current_page_item menu-item-818\"><a href=\"http:\/\/offweb.home.pl\/?page_id=1060\">Zbi\u00f3r danych GESUT<\/a><\/li>\r\n \t<li id=\"menu-item-550\" class=\"menu-item menu-item-type-post_type menu-item-object-page menu-item-550\"><a href=\"http:\/\/offweb.home.pl\/?page_id=1052\">Zbi\u00f3r danych BDOT500<\/a><\/li>\r\n \t<li id=\"menu-item-213\" class=\"menu-item menu-item-type-post_type menu-item-object-page menu-item-213\"><a href=\"http:\/\/offweb.home.pl\/?page_id=1066\">Zbi\u00f3r danych BDSOG<\/a><\/li>\r\n \t<li id=\"menu-item-442\" class=\"menu-item menu-item-type-post_type menu-item-object-page menu-item-442\"><a href=\"http:\/\/offweb.home.pl\/?page_id=1138\">Ortofotomapa<\/a><\/li>\r\n \t<li id=\"menu-item-209\" class=\"menu-item menu-item-type-post_type menu-item-object-page menu-item-209\"><a href=\"http:\/\/offweb.home.pl\/?page_id=1084\">Mapa ewidencyjna i zasadnicza<\/a><\/li>\r\n \t<li id=\"menu-item-210\" class=\"menu-item menu-item-type-post_type menu-item-object-page menu-item-210\"><a href=\"http:\/\/offweb.home.pl\/?page_id=1098\">Rejestry kartoteki i skorowidze<\/a><\/li>\r\n \t<li id=\"menu-item-211\" class=\"menu-item menu-item-type-post_type menu-item-object-page menu-item-211 et-show-dropdown et-hover\"><a href=\"http:\/\/offweb.home.pl\/?page_id=1108\">Wypis, wypisy i wyrysy, wyrysy<\/a><\/li>\r\n \t<li id=\"menu-item-209\" class=\"menu-item menu-item-type-post_type menu-item-object-page menu-item-209\"><a href=\"http:\/\/offweb.home.pl\/?page_id=1073\">Zbi\u00f3r danych RCWiN<\/a><\/li>\r\n \t<li id=\"menu-item-210\" class=\"menu-item menu-item-type-post_type menu-item-object-page menu-item-210\"><a href=\"http:\/\/offweb.home.pl\/?page_id=1116\">Us\u0142ugi dla geodet\u00f3w<\/a><\/li>\r\n \t<li id=\"menu-item-211\" class=\"menu-item menu-item-type-post_type menu-item-object-page menu-item-211 et-show-dropdown et-hover\"><a href=\"http:\/\/offweb.home.pl\/?page_id=1123\">Pozosta\u0142e materia\u0142y<\/a><\/li>\r\n<\/ul>\r\n<\/div>\r\n<div class=\"menu-menu-przedmiotowe-container\">\r\n<h2><strong>Interesant<\/strong><\/h2>\r\n<div class=\"menu-menu-podmiotowe-container\">\r\n<ul id=\"menu-menu-podmiotowe-1\" class=\"mapa_strony_css\">\r\n \t<li id=\"menu-item-208\" class=\"menu-item menu-item-type-post_type menu-item-object-page menu-item-home menu-item-208\"><a href=\"http:\/\/offweb.home.pl\/?page_id=1145\">Pracownicy jednostek administracji publicznej<\/a><\/li>\r\n \t<li id=\"menu-item-547\" class=\"menu-item menu-item-type-post_type menu-item-object-page menu-item-547\"><a href=\"http:\/\/offweb.home.pl\/?page_id=1155\">Pracownicy instytucji bran\u017cowych zarz\u0105dzajacych sieciami<\/a><\/li>\r\n \t<li id=\"menu-item-818\" class=\"menu-item menu-item-type-post_type menu-item-object-page current-menu-item page_item page-item-628 current_page_item menu-item-818\"><a href=\"http:\/\/offweb.home.pl\/?page_id=1165\">Podmioty zwi\u0105zane zawodowo z informacj\u0105 przestrzenn\u0105<\/a><\/li>\r\n \t<li id=\"menu-item-550\" class=\"menu-item menu-item-type-post_type menu-item-object-page menu-item-550\"><a href=\"http:\/\/offweb.home.pl\/?page_id=1171\">Rzeczoznawcy maj\u0105tkowi<\/a><\/li>\r\n \t<li id=\"menu-item-213\" class=\"menu-item menu-item-type-post_type menu-item-object-page menu-item-213\"><a href=\"http:\/\/offweb.home.pl\/?page_id=1180\">Komornicy s\u0105dowi<\/a><\/li>\r\n \t<li id=\"menu-item-442\" class=\"menu-item menu-item-type-post_type menu-item-object-page menu-item-442\"><a href=\"http:\/\/offweb.home.pl\/?page_id=1189\">Przedsi\u0119biorcy zainteresowani informacj\u0105 przestrzenn\u0105<\/a><\/li>\r\n \t<li id=\"menu-item-209\" class=\"menu-item menu-item-type-post_type menu-item-object-page menu-item-209\"><a href=\"http:\/\/offweb.home.pl\/?page_id=1197\">Osoby fizyczne<\/a><\/li>\r\n \t<li id=\"menu-item-210\" class=\"menu-item menu-item-type-post_type menu-item-object-page menu-item-210\"><a href=\"http:\/\/offweb.home.pl\/?page_id=1208\">U\u017cytkownicy wewn\u0119trzni<\/a><\/li>\r\n<\/ul>\r\n<\/div>\r\n<\/div>\r\n<h2><strong>Katalog us\u0142ug<\/strong><\/h2>\r\n<div class=\"menu-menu-redakcyjne-container\">\r\n<ul id=\"menu-menu-redakcyjne-1\" class=\"mapa_strony_css\">\r\n \t<li class=\"a1i0s0 menu-item menu-item-type-post_type menu-item-object-page current-menu-item page_item page-item-23 current_page_item menu-item-22\"><span data-wahfont=\"16\"><a href=\"http:\/\/offweb.home.pl\/?p=728\" data-wahfont=\"16\">Wniosek o udost\u0119pnienie zbior\u00f3w danych bazy EGiB<\/a><\/span><\/li>\r\n \t<li class=\"a1i0s0 menu-item menu-item-type-post_type menu-item-object-page menu-item-24\"><a href=\"http:\/\/offweb.home.pl\/?p=726\" data-wahfont=\"16\">Wniosek o udost\u0119pnienie zbior\u00f3w danych bazy BDOT500<\/a><\/li>\r\n \t<li class=\"a1i0s0 menu-item menu-item-type-post_type menu-item-object-page menu-item-26\"><a href=\"http:\/\/offweb.home.pl\/?p=724\" data-wahfont=\"16\">Wniosek o udost\u0119pnienie zbior\u00f3w danych GESUT<\/a><\/li>\r\n \t<li class=\"a1i0s0 menu-item menu-item-type-post_type menu-item-object-page menu-item-30\"><span data-wahfont=\"16\"><a href=\"http:\/\/offweb.home.pl\/?p=722\" data-wahfont=\"16\">Wniosek o udost\u0119pnienie zbior\u00f3w danych bazy BDSOG<\/a><\/span><\/li>\r\n \t<li class=\"a1i0s0 menu-item menu-item-type-custom menu-item-object-custom menu-item-21\"><span data-wahfont=\"16\"><a href=\"http:\/\/offweb.home.pl\/?p=720\" data-wahfont=\"16\">Wniosek o udost\u0119pnienie zbior\u00f3w danych bazy RCiWN<\/a><\/span><\/li>\r\n \t<li class=\"a1i0s0 menu-item menu-item-type-post_type menu-item-object-page menu-item-28\"><span data-wahfont=\"16\"><a href=\"http:\/\/offweb.home.pl\/?p=718\" data-wahfont=\"16\">Wniosek o udost\u0119pnienie mapy ewidencji grunt\u00f3w i budynk\u00f3w<\/a><\/span><\/li>\r\n \t<li class=\"menu-item menu-item-type-post_type menu-item-object-page menu-item-414\"><span data-wahfont=\"16\"><a href=\"http:\/\/offweb.home.pl\/?p=716\" data-wahfont=\"16\">Wniosek o udost\u0119pnienie mapy zasadniczej<\/a><\/span><\/li>\r\n \t<li class=\"a1i0s0 menu-item menu-item-type-post_type menu-item-object-page current-menu-item page_item page-item-23 current_page_item menu-item-22\"><span data-wahfont=\"16\"><a href=\"http:\/\/offweb.home.pl\/?p=714\" data-wahfont=\"16\">Wniosek o udost\u0119pnienie rejestr\u00f3w, kartotek, skorowidz\u00f3w, wykaz\u00f3w, zestawie\u0144 tworzonych\r\nz baz danych EGiB<\/a><\/span><\/li>\r\n \t<li class=\"a1i0s0 menu-item menu-item-type-post_type menu-item-object-page menu-item-24\"><span data-wahfont=\"16\"><a href=\"http:\/\/offweb.home.pl\/?p=712\" data-wahfont=\"16\">Wniosek o ujawnienie lub wykre\u015blenie w EGiB um\u00f3w dzier\u017cawy<\/a><\/span><\/li>\r\n \t<li class=\"a1i0s0 menu-item menu-item-type-post_type menu-item-object-page menu-item-26\"><span data-wahfont=\"16\"><a href=\"http:\/\/offweb.home.pl\/?p=710\" data-wahfont=\"16\">Wniosek o wydanie wypisu lub wypisu i wyrysu lub wyrysu z ewidencji grunt\u00f3w i budynk\u00f3w<\/a><\/span><\/li>\r\n \t<li class=\"a1i0s0 menu-item menu-item-type-post_type menu-item-object-page menu-item-30\"><span data-wahfont=\"16\"><a href=\"http:\/\/offweb.home.pl\/?p=708\" data-wahfont=\"16\">Wniosek w sprawie koordynacji usytuowania projektowanych sieci uzbrojenia terenu<\/a><\/span><\/li>\r\n \t<li class=\"a1i0s0 menu-item menu-item-type-custom menu-item-object-custom menu-item-21\"><span data-wahfont=\"16\"><a href=\"http:\/\/offweb.home.pl\/?p=706\" data-wahfont=\"16\">Wniosek w sprawie zg\u0142oszenia lub uzupe\u0142nienia pracy geodezyjnej\/kartograficznej<\/a><\/span><\/li>\r\n \t<li class=\"a1i0s0 menu-item menu-item-type-post_type menu-item-object-page menu-item-28\"><span data-wahfont=\"16\"><a href=\"http:\/\/offweb.home.pl\/?p=704\" data-wahfont=\"16\">Wniosek zg\u0142oszenia zmian danych ewidencji grunt\u00f3w i budynk\u00f3w zgodnie z art.22 ust.2 \u2013 PGiK<\/a><\/span><\/li>\r\n \t<li class=\"menu-item menu-item-type-post_type menu-item-object-page menu-item-414\"><span data-wahfont=\"16\"><a href=\"http:\/\/offweb.home.pl\/?p=702\" data-wahfont=\"16\"> Zawiadomienie o wykonaniu zg\u0142oszonych prac geodezyjnych\/kartograficznych<\/a><\/span><\/li>\r\n \t<li class=\"a1i0s0 menu-item menu-item-type-post_type menu-item-object-page current-menu-item page_item page-item-23 current_page_item menu-item-22\"><span data-wahfont=\"16\"><a href=\"http:\/\/offweb.home.pl\/?p=700\" data-wahfont=\"16\">Uwierzytelnienie dokument\u00f3w opracowanych przez wykonawc\u0119 prac geodezyjnych\/kartograficznych<\/a><\/span><\/li>\r\n \t<li class=\"a1i0s0 menu-item menu-item-type-post_type menu-item-object-page menu-item-24\"><span data-wahfont=\"16\"><a href=\"http:\/\/offweb.home.pl\/?p=698\" data-wahfont=\"16\"> Wniosek o aktualizacj\u0119 informacji zawartych w ewidencji grunt\u00f3w i budynk\u00f3w zgodnie\r\nz art.24 ust.2b pkt.1, ppkt.h. \u2013PGiK<\/a><\/span><\/li>\r\n \t<li class=\"a1i0s0 menu-item menu-item-type-post_type menu-item-object-page menu-item-26\"><span data-wahfont=\"16\"><a href=\"http:\/\/offweb.home.pl\/?p=696\" data-wahfont=\"16\">Wniosek o przeprowadzenie aktualizacji klasyfikacji grunt\u00f3w<\/a><\/span><\/li>\r\n \t<li class=\"a1i0s0 menu-item menu-item-type-post_type menu-item-object-page menu-item-30\"><span data-wahfont=\"16\"><a href=\"http:\/\/offweb.home.pl\/?p=694\" data-wahfont=\"16\">Udost\u0119pnienie elektronicznej kopii materia\u0142\u00f3w zasobu<\/a><\/span><\/li>\r\n<\/ul>\r\n<h2><strong>Aktualno\u015bci<\/strong><\/h2>\r\n<\/div>\r\n<ul>\r\n \t<li><a href=\"http:\/\/offweb.home.pl\/?page_id=548\"><span data-wahfont=\"16\">Aktualno\u015bci<\/span><\/a><\/li>\r\n<\/ul>\r\n<div class=\"menu-menu-redakcyjne-container\">\r\n<h2><strong>FAQ<\/strong><\/h2>\r\n<\/div>\r\n<ul>\r\n \t<li><a href=\"http:\/\/offweb.home.pl\/?page_id=194\"><span data-wahfont=\"16\">FAQ\u00a0 \u2013 Pytania i Odpowiedzi<\/span><\/a><\/li>\r\n<\/ul>\r\n<div class=\"menu-menu-redakcyjne-container\">\r\n<h2><strong>Baza wiedzy<\/strong><\/h2>\r\n<\/div>\r\n<ul>\r\n \t<li><a href=\"http:\/\/offweb.home.pl\/?page_id=440\"><span data-wahfont=\"16\">Baza wiedzy<\/span><\/a><\/li>\r\n<\/ul>\r\n<\/div>\r\n<div class=\"menu-menu-redakcyjne-container\">\r\n<h2><strong>Kontakt<\/strong><\/h2>\r\n<\/div>\r\n<ul>\r\n \t<li><a href=\"http:\/\/offweb.home.pl\/?page_id=202\">Kontakt<\/a><\/li>\r\n<\/ul>\r\n<div class=\"menu-menu-redakcyjne-container\">\r\n<h2><strong>Rejestracja<\/strong><\/h2>\r\n<\/div>\r\n<ul>\r\n \t<li><a href=\"http:\/\/offweb.home.pl\/?page_id=200\">Rejestracja<\/a><\/li>\r\n<\/ul>\r\n<div class=\"menu-menu-redakcyjne-container\">\r\n<h2><strong>Logowanie<\/strong><\/h2>\r\n<\/div>\r\n<ul>\r\n \t<li><a href=\"http:\/\/offweb.home.pl\/?page_id=198\">Logowanie<\/a><\/li>\r\n<\/ul>\r\n&nbsp;","_et_gb_content_width":""},"_links":{"self":[{"href":"http:\/\/riip.offweb.pl\/index.php?rest_route=\/wp\/v2\/pages\/1596"}],"collection":[{"href":"http:\/\/riip.offweb.pl\/index.php?rest_route=\/wp\/v2\/pages"}],"about":[{"href":"http:\/\/riip.offweb.pl\/index.php?rest_route=\/wp\/v2\/types\/page"}],"author":[{"embeddable":true,"href":"http:\/\/riip.offweb.pl\/index.php?rest_route=\/wp\/v2\/users\/1"}],"replies":[{"embeddable":true,"href":"http:\/\/riip.offweb.pl\/index.php?rest_route=%2Fwp%2Fv2%2Fcomments&post=1596"}],"version-history":[{"count":1,"href":"http:\/\/riip.offweb.pl\/index.php?rest_route=\/wp\/v2\/pages\/1596\/revisions"}],"predecessor-version":[{"id":2774,"href":"http:\/\/riip.offweb.pl\/index.php?rest_route=\/wp\/v2\/pages\/1596\/revisions\/2774"}],"wp:attachment":[{"href":"http:\/\/riip.offweb.pl\/index.php?rest_route=%2Fwp%2Fv2%2Fmedia&parent=1596"}],"curies":[{"name":"wp","href":"https:\/\/api.w.org\/{rel}","templated":true}]}}